{"id":31,"date":"2025-06-15T11:23:22","date_gmt":"2025-06-15T11:23:22","guid":{"rendered":"http:\/\/maxpowerls.com\/?page_id=31"},"modified":"2025-06-15T17:56:38","modified_gmt":"2025-06-15T17:56:38","slug":"datenschutz","status":"publish","type":"page","link":"https:\/\/maxpowerls.com\/en\/datenschutz\/","title":{"rendered":"Datenschutz"},"content":{"rendered":"<p><strong>Datenschutzerkl\u00e4rung<\/strong><\/p>\n\n\n\n<p>Der Schutz Ihrer pers\u00f6nlichen Daten ist uns ein wichtiges Anliegen. Wir behandeln Ihre personenbezogenen Daten vertraulich und entsprechend der gesetzlichen Datenschutzvorschriften sowie dieser Datenschutzerkl\u00e4rung.<\/p>\n\n\n\n<p><strong>1. Verantwortliche Stelle<\/strong><\/p>\n\n\n\n<p>Max Power Life Sciences GmbH<\/p>\n\n\n\n<p>Jonas Moosmann<\/p>\n\n\n\n<p>Lierbachhof 1<\/p>\n\n\n\n<p>77948 Friesenheim<\/p>\n\n\n\n<p>E-Mail: kontakt@maxpowerls.com<\/p>\n\n\n\n<p>Telefon: +49 171 \/ 40 700 70<\/p>\n\n\n\n<p><strong>2. Erhebung und Speicherung personenbezogener Daten sowie Art und Zweck von deren Verwendung<\/strong><\/p>\n\n\n\n<p>Beim Besuch der Website werden automatisch Informationen erfasst (z.\u202fB. IP-Adresse, Zeit, Browser). Diese dienen u.\u202fa. zur Systemstabilit\u00e4t, Fehleranalyse und statistischen Auswertung.<\/p>\n\n\n\n<p><strong>3. Weitergabe von Daten<\/strong><\/p>\n\n\n\n<p>Keine Weitergabe an Dritte, au\u00dfer bei gesetzlicher Verpflichtung oder mit Ihrer Zustimmung.<\/p>\n\n\n\n<p><strong>4. Ihre Rechte<\/strong><\/p>\n\n\n\n<p>Sie haben u.\u202fa. das Recht auf Auskunft, Berichtigung, L\u00f6schung, Einschr\u00e4nkung, Widerspruch und Daten\u00fcbertragbarkeit.<\/p>\n\n\n\n<p><strong>5. SSL-\/TLS-Verschl\u00fcsselung<\/strong><\/p>\n\n\n\n<p>Diese Website nutzt eine sichere Verbindung zum Schutz Ihrer Daten.<\/p>\n\n\n\n<p><strong>6. Aktualit\u00e4t<\/strong><\/p>\n\n\n\n<p>Stand: Juni 2025. \u00c4nderungen vorbehalten.<\/p>","protected":false},"excerpt":{"rendered":"<p>Datenschutzerkl\u00e4rung Der Schutz Ihrer pers\u00f6nlichen Daten ist uns ein wichtiges Anliegen. Wir behandeln Ihre personenbezogenen Daten vertraulich und entsprechend der gesetzlichen Datenschutzvorschriften sowie dieser Datenschutzerkl\u00e4rung. 1. Verantwortliche Stelle Max Power [&hellip;]<\/p>\n","protected":false},"author":1,"featured_media":0,"parent":0,"menu_order":0,"comment_status":"closed","ping_status":"closed","template":"","meta":{"site-sidebar-layout":"default","site-content-layout":"","ast-site-content-layout":"default","site-content-style":"default","site-sidebar-style":"default","ast-global-header-display":"","ast-banner-title-visibility":"","ast-main-header-display":"","ast-hfb-above-header-display":"","ast-hfb-below-header-display":"","ast-hfb-mobile-header-display":"","site-post-title":"","ast-breadcrumbs-content":"","ast-featured-img":"","footer-sml-layout":"","ast-disable-related-posts":"","theme-transparent-header-meta":"","adv-header-id-meta":"","stick-header-meta":"","header-above-stick-meta":"","header-main-stick-meta":"","header-below-stick-meta":"","astra-migrate-meta-layouts":"default","ast-page-background-enabled":"default","ast-page-background-meta":{"desktop":{"background-color":"","background-image":"","background-repeat":"repeat","background-position":"center center","background-size":"auto","background-attachment":"scroll","background-type":"","background-media":"","overlay-type":"","overlay-color":"","overlay-opacity":"","overlay-gradient":""},"tablet":{"background-color":"","background-image":"","background-repeat":"repeat","background-position":"center center","background-size":"auto","background-attachment":"scroll","background-type":"","background-media":"","overlay-type":"","overlay-color":"","overlay-opacity":"","overlay-gradient":""},"mobile":{"background-color":"","background-image":"","background-repeat":"repeat","background-position":"center center","background-size":"auto","background-attachment":"scroll","background-type":"","background-media":"","overlay-type":"","overlay-color":"","overlay-opacity":"","overlay-gradient":""}},"ast-content-background-meta":{"desktop":{"background-color":"var(--ast-global-color-5)","background-image":"","background-repeat":"repeat","background-position":"center center","background-size":"auto","background-attachment":"scroll","background-type":"","background-media":"","overlay-type":"","overlay-color":"","overlay-opacity":"","overlay-gradient":""},"tablet":{"background-color":"var(--ast-global-color-5)","background-image":"","background-repeat":"repeat","background-position":"center center","background-size":"auto","background-attachment":"scroll","background-type":"","background-media":"","overlay-type":"","overlay-color":"","overlay-opacity":"","overlay-gradient":""},"mobile":{"background-color":"var(--ast-global-color-5)","background-image":"","background-repeat":"repeat","background-position":"center center","background-size":"auto","background-attachment":"scroll","background-type":"","background-media":"","overlay-type":"","overlay-color":"","overlay-opacity":"","overlay-gradient":""}},"footnotes":""},"class_list":["post-31","page","type-page","status-publish","hentry"],"_links":{"self":[{"href":"https:\/\/maxpowerls.com\/en\/wp-json\/wp\/v2\/pages\/31","targetHints":{"allow":["GET"]}}],"collection":[{"href":"https:\/\/maxpowerls.com\/en\/wp-json\/wp\/v2\/pages"}],"about":[{"href":"https:\/\/maxpowerls.com\/en\/wp-json\/wp\/v2\/types\/page"}],"author":[{"embeddable":true,"href":"https:\/\/maxpowerls.com\/en\/wp-json\/wp\/v2\/users\/1"}],"replies":[{"embeddable":true,"href":"https:\/\/maxpowerls.com\/en\/wp-json\/wp\/v2\/comments?post=31"}],"version-history":[{"count":2,"href":"https:\/\/maxpowerls.com\/en\/wp-json\/wp\/v2\/pages\/31\/revisions"}],"predecessor-version":[{"id":54,"href":"https:\/\/maxpowerls.com\/en\/wp-json\/wp\/v2\/pages\/31\/revisions\/54"}],"wp:attachment":[{"href":"https:\/\/maxpowerls.com\/en\/wp-json\/wp\/v2\/media?parent=31"}],"curies":[{"name":"wp","href":"https:\/\/api.w.org\/{rel}","templated":true}]}}