{"id":23,"date":"2025-06-15T11:21:45","date_gmt":"2025-06-15T11:21:45","guid":{"rendered":"http:\/\/maxpowerls.com\/?page_id=23"},"modified":"2026-03-15T20:03:13","modified_gmt":"2026-03-15T19:03:13","slug":"kontakt","status":"publish","type":"page","link":"https:\/\/maxpowerls.com\/en\/kontakt\/","title":{"rendered":"Kontakt"},"content":{"rendered":"<div class=\"wp-block-cover\"><img fetchpriority=\"high\" decoding=\"async\" width=\"1024\" height=\"683\" class=\"wp-block-cover__image-background wp-image-166 size-large\" alt=\"AdobeStock 519768223 1024x683\" src=\"https:\/\/maxpowerls.com\/wp-content\/uploads\/2025\/06\/AdobeStock_519768223-1024x683.jpeg\" style=\"object-position:23% 44%\" data-object-fit=\"cover\" data-object-position=\"23% 44%\" title=\"Kontakt\" srcset=\"https:\/\/maxpowerls.com\/wp-content\/uploads\/2025\/06\/AdobeStock_519768223-1024x683.jpeg 1024w, https:\/\/maxpowerls.com\/wp-content\/uploads\/2025\/06\/AdobeStock_519768223-300x200.jpeg 300w, https:\/\/maxpowerls.com\/wp-content\/uploads\/2025\/06\/AdobeStock_519768223-768x512.jpeg 768w, https:\/\/maxpowerls.com\/wp-content\/uploads\/2025\/06\/AdobeStock_519768223-1536x1024.jpeg 1536w, https:\/\/maxpowerls.com\/wp-content\/uploads\/2025\/06\/AdobeStock_519768223-2048x1365.jpeg 2048w, https:\/\/maxpowerls.com\/wp-content\/uploads\/2025\/06\/AdobeStock_519768223-18x12.jpeg 18w\" sizes=\"(max-width: 1024px) 100vw, 1024px\" \/><span aria-hidden=\"true\" class=\"wp-block-cover__background has-background-dim-30 has-background-dim\" style=\"background-color:#717171\"><\/span><div class=\"wp-block-cover__inner-container is-layout-constrained wp-block-cover-is-layout-constrained\">\n<p class=\"has-text-align-center has-ast-global-color-5-color has-text-color has-link-color has-x-large-font-size wp-elements-32bb3abc08352f9d40812e9dc798339e\">Kontakt<\/p>\n<\/div><\/div>\n\n\n\n<p><strong>Sprechen Sie mit uns \u2013 direkt &amp; unkompliziert<\/strong><\/p>\n\n\n\n<p>Sie m\u00f6chten ein Projekt besprechen oder mehr \u00fcber unsere Fertigungsm\u00f6glichkeiten erfahren? Wir freuen uns auf Ihre Anfrage per Mail oder Telefonisch.<\/p>\n\n\n\n<p><strong>Max Power Life Sciences GmbH<\/strong><\/p>\n\n\n\n<p>Adresse:&nbsp;L<em>ierbachhof 1<\/em>, 77948 Friesenheim<\/p>\n\n\n\n<p>E-Mail:&nbsp;<em>kontakt@maxpowerls.com<\/em><\/p>\n\n\n\n<p>Telefon: 0171 \/ 40 700 70<\/p>\n\n\n\n<p><\/p>\n\n\n\n<p><\/p>","protected":false},"excerpt":{"rendered":"<p>Sprechen Sie mit uns \u2013 direkt &amp; unkompliziert Sie m\u00f6chten ein Projekt besprechen oder mehr \u00fcber unsere Fertigungsm\u00f6glichkeiten erfahren? Wir freuen uns auf Ihre Anfrage per Mail oder Telefonisch. Max [&hellip;]<\/p>\n","protected":false},"author":1,"featured_media":0,"parent":0,"menu_order":0,"comment_status":"closed","ping_status":"closed","template":"","meta":{"site-sidebar-layout":"default","site-content-layout":"","ast-site-content-layout":"default","site-content-style":"default","site-sidebar-style":"default","ast-global-header-display":"","ast-banner-title-visibility":"","ast-main-header-display":"","ast-hfb-above-header-display":"","ast-hfb-below-header-display":"","ast-hfb-mobile-header-display":"","site-post-title":"disabled","ast-breadcrumbs-content":"","ast-featured-img":"","footer-sml-layout":"","ast-disable-related-posts":"","theme-transparent-header-meta":"","adv-header-id-meta":"","stick-header-meta":"","header-above-stick-meta":"","header-main-stick-meta":"","header-below-stick-meta":"","astra-migrate-meta-layouts":"set","ast-page-background-enabled":"default","ast-page-background-meta":{"desktop":{"background-color":"var(--ast-global-color-5)","background-image":"","background-repeat":"repeat","background-position":"center center","background-size":"auto","background-attachment":"scroll","background-type":"","background-media":"","overlay-type":"","overlay-color":"","overlay-opacity":"","overlay-gradient":""},"tablet":{"background-color":"","background-image":"","background-repeat":"repeat","background-position":"center center","background-size":"auto","background-attachment":"scroll","background-type":"","background-media":"","overlay-type":"","overlay-color":"","overlay-opacity":"","overlay-gradient":""},"mobile":{"background-color":"","background-image":"","background-repeat":"repeat","background-position":"center center","background-size":"auto","background-attachment":"scroll","background-type":"","background-media":"","overlay-type":"","overlay-color":"","overlay-opacity":"","overlay-gradient":""}},"ast-content-background-meta":{"desktop":{"background-color":"var(--ast-global-color-4)","background-image":"","background-repeat":"repeat","background-position":"center center","background-size":"auto","background-attachment":"scroll","background-type":"","background-media":"","overlay-type":"","overlay-color":"","overlay-opacity":"","overlay-gradient":""},"tablet":{"background-color":"var(--ast-global-color-4)","background-image":"","background-repeat":"repeat","background-position":"center center","background-size":"auto","background-attachment":"scroll","background-type":"","background-media":"","overlay-type":"","overlay-color":"","overlay-opacity":"","overlay-gradient":""},"mobile":{"background-color":"var(--ast-global-color-4)","background-image":"","background-repeat":"repeat","background-position":"center center","background-size":"auto","background-attachment":"scroll","background-type":"","background-media":"","overlay-type":"","overlay-color":"","overlay-opacity":"","overlay-gradient":""}},"footnotes":""},"class_list":["post-23","page","type-page","status-publish","hentry"],"_links":{"self":[{"href":"https:\/\/maxpowerls.com\/en\/wp-json\/wp\/v2\/pages\/23","targetHints":{"allow":["GET"]}}],"collection":[{"href":"https:\/\/maxpowerls.com\/en\/wp-json\/wp\/v2\/pages"}],"about":[{"href":"https:\/\/maxpowerls.com\/en\/wp-json\/wp\/v2\/types\/page"}],"author":[{"embeddable":true,"href":"https:\/\/maxpowerls.com\/en\/wp-json\/wp\/v2\/users\/1"}],"replies":[{"embeddable":true,"href":"https:\/\/maxpowerls.com\/en\/wp-json\/wp\/v2\/comments?post=23"}],"version-history":[{"count":6,"href":"https:\/\/maxpowerls.com\/en\/wp-json\/wp\/v2\/pages\/23\/revisions"}],"predecessor-version":[{"id":1494,"href":"https:\/\/maxpowerls.com\/en\/wp-json\/wp\/v2\/pages\/23\/revisions\/1494"}],"wp:attachment":[{"href":"https:\/\/maxpowerls.com\/en\/wp-json\/wp\/v2\/media?parent=23"}],"curies":[{"name":"wp","href":"https:\/\/api.w.org\/{rel}","templated":true}]}}